{"id":13315,"date":"2024-10-07T16:19:03","date_gmt":"2024-10-07T20:19:03","guid":{"rendered":"https:\/\/maisonbambusa.com\/produit\/brosse-a-dents-en-bambou-naturels-pour-la-maison-la-famille-et-les-voyages\/"},"modified":"2024-11-04T12:54:50","modified_gmt":"2024-11-04T17:54:50","slug":"brosse-a-dents-en-bambou-naturels-pour-la-maison-la-famille-et-les-voyages","status":"publish","type":"product","link":"https:\/\/maisonbambusa.com\/en\/produit\/brosse-a-dents-en-bambou-naturels-pour-la-maison-la-famille-et-les-voyages\/","title":{"rendered":"Natural Bamboo Toothbrush for Home, Family and Travel"},"content":{"rendered":"<p>Mat\u00e9riaux : bois de bambou Caract\u00e9ristiques :<br \/>\nCes brosses \u00e0 dents en bambou sont un excellent moyen de contribuer \u00e0 garder la terre verte.<br \/>\nApprouv\u00e9 par les dentistes : non seulement cette brosse \u00e0 dents est excellente pour l&#8217;environnement, mais elle est \u00e9galement bonne pour vous. Les brosses \u00e0 dents sont toutes dot\u00e9es de poils de qualit\u00e9 dentaire de haute qualit\u00e9, tout comme votre brosse \u00e0 dents en plastique \u00e0 la maison. Vous obtiendrez les m\u00eames dents propres et saines sans aucun d\u00e9chet.<br \/>\nPoils moyens : ils sont plus r\u00e9sistants, mais suffisamment doux pour ne pas endommager l&#8217;\u00e9mail, tout en offrant beaucoup de puissance de polissage. Mat\u00e9riau : bois de bambou<br \/>\nTaille : 18 x 1,4 x 1 cm<br \/>\nCouleur : comme le montre l&#8217;image<\/p>\n<p><img decoding=\"async\" title=\"293F6C199D9980B47E951CC9A227D454.jpg\" src=\"https:\/\/shopifyfile.oss-us-west-1.aliyuncs.com\/attached\/image\/201903\/293F6C199D9980B47E951CC9A227D454.jpg\" alt=\"AB5E653E161FAF8614BBD69B7F34F120.jpg\"><br \/>\n<img decoding=\"async\" src=\"https:\/\/ae01.alicdn.com\/kf\/HTB1Xxp1hhuTBuNkHFNRq6A9qpXa0.jpg\"><br \/>\n<img decoding=\"async\" src=\"https:\/\/ae01.alicdn.com\/kf\/HTB16wtte5MnBKNjSZFzq6A_qVXa0.jpg\"><br \/>\n<img decoding=\"async\" title=\"4CDEB06A108715AF2D8EDBD9725BE242.jpg\" src=\"https:\/\/shopifyfile.oss-us-west-1.aliyuncs.com\/attached\/image\/201903\/4CDEB06A108715AF2D8EDBD9725BE242.jpg\" alt=\"26C3DDF6BA5FE42E5B2E69F28B00CD9F.jpg\"><br \/>\n<img decoding=\"async\" title=\"F8D148123FEB284A4371656386259632.png\" src=\"https:\/\/shopifyfile.oss-us-west-1.aliyuncs.com\/attached\/image\/201903\/F8D148123FEB284A4371656386259632.png\" alt=\"20190326111014.png\"><\/p>\n<p>&nbsp;<\/p>\n","protected":false},"excerpt":{"rendered":"<p>Mat\u00e9riaux : bois de bambou Caract\u00e9ristiques : Ces brosses \u00e0 dents en bambou sont un excellent moyen de contribuer \u00e0 garder la terre verte. Approuv\u00e9 par les dentistes : non seulement cette brosse \u00e0 dents est excellente pour l&#8217;environnement, mais elle est \u00e9galement bonne pour vous. Les brosses \u00e0 dents sont toutes dot\u00e9es de poils &hellip; <a href=\"https:\/\/maisonbambusa.com\/en\/produit\/brosse-a-dents-en-bambou-naturels-pour-la-maison-la-famille-et-les-voyages\/\">Continued<\/a><\/p>\n","protected":false},"featured_media":13088,"template":"","meta":{"_acf_changed":false,"_cloudinary_featured_overwrite":false},"product_brand":[],"product_cat":[575],"product_tag":[],"class_list":{"0":"post-13315","1":"product","2":"type-product","3":"status-publish","4":"has-post-thumbnail","6":"product_cat-personal-hygiene","8":"first","9":"instock","10":"taxable","11":"shipping-taxable","12":"purchasable","13":"product-type-variable"},"acf":[],"yoast_head":"<!-- This site is optimized with the Yoast SEO plugin v27.4 - https:\/\/yoast.com\/product\/yoast-seo-wordpress\/ -->\n<title>Natural Bamboo Toothbrush for Home, Family and Travel - Maison Bambusa<\/title>\n<meta name=\"robots\" content=\"index, follow, max-snippet:-1, max-image-preview:large, max-video-preview:-1\" \/>\n<link rel=\"canonical\" href=\"https:\/\/maisonbambusa.com\/en\/produit\/brosse-a-dents-en-bambou-naturels-pour-la-maison-la-famille-et-les-voyages\/\" \/>\n<meta property=\"og:locale\" content=\"en_US\" \/>\n<meta property=\"og:type\" content=\"article\" \/>\n<meta property=\"og:title\" content=\"Natural Bamboo Toothbrush for Home, Family and Travel - Maison Bambusa\" \/>\n<meta property=\"og:description\" content=\"Mat\u00e9riaux : bois de bambou Caract\u00e9ristiques : Ces brosses \u00e0 dents en bambou sont un excellent moyen de contribuer \u00e0 garder la terre verte. Approuv\u00e9 par les dentistes : non seulement cette brosse \u00e0 dents est excellente pour l&#8217;environnement, mais elle est \u00e9galement bonne pour vous. Les brosses \u00e0 dents sont toutes dot\u00e9es de poils &hellip; Continued\" \/>\n<meta property=\"og:url\" content=\"https:\/\/maisonbambusa.com\/en\/produit\/brosse-a-dents-en-bambou-naturels-pour-la-maison-la-famille-et-les-voyages\/\" \/>\n<meta property=\"og:site_name\" content=\"Maison Bambusa\" \/>\n<meta property=\"article:publisher\" content=\"https:\/\/www.facebook.com\/maisonbambusa\" \/>\n<meta property=\"article:modified_time\" content=\"2024-11-04T17:54:50+00:00\" \/>\n<meta property=\"og:image\" content=\"https:\/\/maisonbambusa.com\/wp-content\/uploads\/2024\/10\/A6E18038A9D6C21AAD9794AEA42C2F91.jpg\" \/>\n\t<meta property=\"og:image:width\" content=\"800\" \/>\n\t<meta property=\"og:image:height\" content=\"800\" \/>\n\t<meta property=\"og:image:type\" content=\"image\/jpeg\" \/>\n<meta name=\"twitter:card\" content=\"summary_large_image\" \/>\n<meta name=\"twitter:site\" content=\"@instagram\" \/>\n<meta name=\"twitter:label1\" content=\"Est. reading time\" \/>\n\t<meta name=\"twitter:data1\" content=\"2 minutes\" \/>\n<script type=\"application\/ld+json\" class=\"yoast-schema-graph\">{\"@context\":\"https:\\\/\\\/schema.org\",\"@graph\":[{\"@type\":\"WebPage\",\"@id\":\"https:\\\/\\\/maisonbambusa.com\\\/en\\\/produit\\\/brosse-a-dents-en-bambou-naturels-pour-la-maison-la-famille-et-les-voyages\\\/\",\"url\":\"https:\\\/\\\/maisonbambusa.com\\\/en\\\/produit\\\/brosse-a-dents-en-bambou-naturels-pour-la-maison-la-famille-et-les-voyages\\\/\",\"name\":\"Natural Bamboo Toothbrush for Home, Family and Travel - Maison Bambusa\",\"isPartOf\":{\"@id\":\"https:\\\/\\\/maisonbambusa.com\\\/en\\\/#website\"},\"primaryImageOfPage\":{\"@id\":\"https:\\\/\\\/maisonbambusa.com\\\/en\\\/produit\\\/brosse-a-dents-en-bambou-naturels-pour-la-maison-la-famille-et-les-voyages\\\/#primaryimage\"},\"image\":{\"@id\":\"https:\\\/\\\/maisonbambusa.com\\\/en\\\/produit\\\/brosse-a-dents-en-bambou-naturels-pour-la-maison-la-famille-et-les-voyages\\\/#primaryimage\"},\"thumbnailUrl\":\"https:\\\/\\\/maisonbambusa.com\\\/wp-content\\\/uploads\\\/2024\\\/10\\\/A6E18038A9D6C21AAD9794AEA42C2F91.jpg\",\"datePublished\":\"2024-10-07T20:19:03+00:00\",\"dateModified\":\"2024-11-04T17:54:50+00:00\",\"breadcrumb\":{\"@id\":\"https:\\\/\\\/maisonbambusa.com\\\/en\\\/produit\\\/brosse-a-dents-en-bambou-naturels-pour-la-maison-la-famille-et-les-voyages\\\/#breadcrumb\"},\"inLanguage\":\"en-US\",\"potentialAction\":[{\"@type\":\"ReadAction\",\"target\":[\"https:\\\/\\\/maisonbambusa.com\\\/en\\\/produit\\\/brosse-a-dents-en-bambou-naturels-pour-la-maison-la-famille-et-les-voyages\\\/\"]}]},{\"@type\":\"ImageObject\",\"inLanguage\":\"en-US\",\"@id\":\"https:\\\/\\\/maisonbambusa.com\\\/en\\\/produit\\\/brosse-a-dents-en-bambou-naturels-pour-la-maison-la-famille-et-les-voyages\\\/#primaryimage\",\"url\":\"https:\\\/\\\/maisonbambusa.com\\\/wp-content\\\/uploads\\\/2024\\\/10\\\/A6E18038A9D6C21AAD9794AEA42C2F91.jpg\",\"contentUrl\":\"https:\\\/\\\/maisonbambusa.com\\\/wp-content\\\/uploads\\\/2024\\\/10\\\/A6E18038A9D6C21AAD9794AEA42C2F91.jpg\",\"width\":800,\"height\":800},{\"@type\":\"BreadcrumbList\",\"@id\":\"https:\\\/\\\/maisonbambusa.com\\\/en\\\/produit\\\/brosse-a-dents-en-bambou-naturels-pour-la-maison-la-famille-et-les-voyages\\\/#breadcrumb\",\"itemListElement\":[{\"@type\":\"ListItem\",\"position\":1,\"name\":\"Accueil\",\"item\":\"https:\\\/\\\/maisonbambusa.com\\\/en\\\/\"},{\"@type\":\"ListItem\",\"position\":2,\"name\":\"Shop\",\"item\":\"https:\\\/\\\/maisonbambusa.com\\\/en\\\/store\\\/\"},{\"@type\":\"ListItem\",\"position\":3,\"name\":\"Natural Bamboo Toothbrush for Home, Family and Travel\"}]},{\"@type\":\"WebSite\",\"@id\":\"https:\\\/\\\/maisonbambusa.com\\\/en\\\/#website\",\"url\":\"https:\\\/\\\/maisonbambusa.com\\\/en\\\/\",\"name\":\"Maison Bambusa\",\"description\":\"Produits en bambou \u00e9coresponsable\",\"publisher\":{\"@id\":\"https:\\\/\\\/maisonbambusa.com\\\/en\\\/#organization\"},\"potentialAction\":[{\"@type\":\"SearchAction\",\"target\":{\"@type\":\"EntryPoint\",\"urlTemplate\":\"https:\\\/\\\/maisonbambusa.com\\\/en\\\/?s={search_term_string}\"},\"query-input\":{\"@type\":\"PropertyValueSpecification\",\"valueRequired\":true,\"valueName\":\"search_term_string\"}}],\"inLanguage\":\"en-US\"},{\"@type\":\"Organization\",\"@id\":\"https:\\\/\\\/maisonbambusa.com\\\/en\\\/#organization\",\"name\":\"Maison Bambusa\",\"url\":\"https:\\\/\\\/maisonbambusa.com\\\/en\\\/\",\"logo\":{\"@type\":\"ImageObject\",\"inLanguage\":\"en-US\",\"@id\":\"https:\\\/\\\/maisonbambusa.com\\\/en\\\/#\\\/schema\\\/logo\\\/image\\\/\",\"url\":\"https:\\\/\\\/res.cloudinary.com\\\/johnpolikin\\\/images\\\/v1759527103\\\/casa_bambusa_store\\\/deleted_bg-1\\\/deleted_bg-1.svg?_i=AA\",\"contentUrl\":\"https:\\\/\\\/res.cloudinary.com\\\/johnpolikin\\\/images\\\/v1759527103\\\/casa_bambusa_store\\\/deleted_bg-1\\\/deleted_bg-1.svg?_i=AA\",\"width\":300,\"height\":300,\"caption\":\"Maison Bambusa\"},\"image\":{\"@id\":\"https:\\\/\\\/maisonbambusa.com\\\/en\\\/#\\\/schema\\\/logo\\\/image\\\/\"},\"sameAs\":[\"https:\\\/\\\/www.facebook.com\\\/maisonbambusa\",\"https:\\\/\\\/x.com\\\/instagram\"]}]}<\/script>\n<!-- \/ Yoast SEO plugin. -->","yoast_head_json":{"title":"Natural Bamboo Toothbrush for Home, Family and Travel - Maison Bambusa","robots":{"index":"index","follow":"follow","max-snippet":"max-snippet:-1","max-image-preview":"max-image-preview:large","max-video-preview":"max-video-preview:-1"},"canonical":"https:\/\/maisonbambusa.com\/en\/produit\/brosse-a-dents-en-bambou-naturels-pour-la-maison-la-famille-et-les-voyages\/","og_locale":"en_US","og_type":"article","og_title":"Natural Bamboo Toothbrush for Home, Family and Travel - Maison Bambusa","og_description":"Mat\u00e9riaux : bois de bambou Caract\u00e9ristiques : Ces brosses \u00e0 dents en bambou sont un excellent moyen de contribuer \u00e0 garder la terre verte. Approuv\u00e9 par les dentistes : non seulement cette brosse \u00e0 dents est excellente pour l&#8217;environnement, mais elle est \u00e9galement bonne pour vous. Les brosses \u00e0 dents sont toutes dot\u00e9es de poils &hellip; Continued","og_url":"https:\/\/maisonbambusa.com\/en\/produit\/brosse-a-dents-en-bambou-naturels-pour-la-maison-la-famille-et-les-voyages\/","og_site_name":"Maison Bambusa","article_publisher":"https:\/\/www.facebook.com\/maisonbambusa","article_modified_time":"2024-11-04T17:54:50+00:00","og_image":[{"width":800,"height":800,"url":"https:\/\/maisonbambusa.com\/wp-content\/uploads\/2024\/10\/A6E18038A9D6C21AAD9794AEA42C2F91.jpg","type":"image\/jpeg"}],"twitter_card":"summary_large_image","twitter_site":"@instagram","twitter_misc":{"Est. reading time":"2 minutes"},"schema":{"@context":"https:\/\/schema.org","@graph":[{"@type":"WebPage","@id":"https:\/\/maisonbambusa.com\/en\/produit\/brosse-a-dents-en-bambou-naturels-pour-la-maison-la-famille-et-les-voyages\/","url":"https:\/\/maisonbambusa.com\/en\/produit\/brosse-a-dents-en-bambou-naturels-pour-la-maison-la-famille-et-les-voyages\/","name":"Natural Bamboo Toothbrush for Home, Family and Travel - Maison Bambusa","isPartOf":{"@id":"https:\/\/maisonbambusa.com\/en\/#website"},"primaryImageOfPage":{"@id":"https:\/\/maisonbambusa.com\/en\/produit\/brosse-a-dents-en-bambou-naturels-pour-la-maison-la-famille-et-les-voyages\/#primaryimage"},"image":{"@id":"https:\/\/maisonbambusa.com\/en\/produit\/brosse-a-dents-en-bambou-naturels-pour-la-maison-la-famille-et-les-voyages\/#primaryimage"},"thumbnailUrl":"https:\/\/maisonbambusa.com\/wp-content\/uploads\/2024\/10\/A6E18038A9D6C21AAD9794AEA42C2F91.jpg","datePublished":"2024-10-07T20:19:03+00:00","dateModified":"2024-11-04T17:54:50+00:00","breadcrumb":{"@id":"https:\/\/maisonbambusa.com\/en\/produit\/brosse-a-dents-en-bambou-naturels-pour-la-maison-la-famille-et-les-voyages\/#breadcrumb"},"inLanguage":"en-US","potentialAction":[{"@type":"ReadAction","target":["https:\/\/maisonbambusa.com\/en\/produit\/brosse-a-dents-en-bambou-naturels-pour-la-maison-la-famille-et-les-voyages\/"]}]},{"@type":"ImageObject","inLanguage":"en-US","@id":"https:\/\/maisonbambusa.com\/en\/produit\/brosse-a-dents-en-bambou-naturels-pour-la-maison-la-famille-et-les-voyages\/#primaryimage","url":"https:\/\/maisonbambusa.com\/wp-content\/uploads\/2024\/10\/A6E18038A9D6C21AAD9794AEA42C2F91.jpg","contentUrl":"https:\/\/maisonbambusa.com\/wp-content\/uploads\/2024\/10\/A6E18038A9D6C21AAD9794AEA42C2F91.jpg","width":800,"height":800},{"@type":"BreadcrumbList","@id":"https:\/\/maisonbambusa.com\/en\/produit\/brosse-a-dents-en-bambou-naturels-pour-la-maison-la-famille-et-les-voyages\/#breadcrumb","itemListElement":[{"@type":"ListItem","position":1,"name":"Accueil","item":"https:\/\/maisonbambusa.com\/en\/"},{"@type":"ListItem","position":2,"name":"Shop","item":"https:\/\/maisonbambusa.com\/en\/store\/"},{"@type":"ListItem","position":3,"name":"Natural Bamboo Toothbrush for Home, Family and Travel"}]},{"@type":"WebSite","@id":"https:\/\/maisonbambusa.com\/en\/#website","url":"https:\/\/maisonbambusa.com\/en\/","name":"Maison Bambusa","description":"Produits en bambou \u00e9coresponsable","publisher":{"@id":"https:\/\/maisonbambusa.com\/en\/#organization"},"potentialAction":[{"@type":"SearchAction","target":{"@type":"EntryPoint","urlTemplate":"https:\/\/maisonbambusa.com\/en\/?s={search_term_string}"},"query-input":{"@type":"PropertyValueSpecification","valueRequired":true,"valueName":"search_term_string"}}],"inLanguage":"en-US"},{"@type":"Organization","@id":"https:\/\/maisonbambusa.com\/en\/#organization","name":"Maison Bambusa","url":"https:\/\/maisonbambusa.com\/en\/","logo":{"@type":"ImageObject","inLanguage":"en-US","@id":"https:\/\/maisonbambusa.com\/en\/#\/schema\/logo\/image\/","url":"https:\/\/res.cloudinary.com\/johnpolikin\/images\/v1759527103\/casa_bambusa_store\/deleted_bg-1\/deleted_bg-1.svg?_i=AA","contentUrl":"https:\/\/res.cloudinary.com\/johnpolikin\/images\/v1759527103\/casa_bambusa_store\/deleted_bg-1\/deleted_bg-1.svg?_i=AA","width":300,"height":300,"caption":"Maison Bambusa"},"image":{"@id":"https:\/\/maisonbambusa.com\/en\/#\/schema\/logo\/image\/"},"sameAs":["https:\/\/www.facebook.com\/maisonbambusa","https:\/\/x.com\/instagram"]}]}},"_links":{"self":[{"href":"https:\/\/maisonbambusa.com\/en\/wp-json\/wp\/v2\/product\/13315","targetHints":{"allow":["GET"]}}],"collection":[{"href":"https:\/\/maisonbambusa.com\/en\/wp-json\/wp\/v2\/product"}],"about":[{"href":"https:\/\/maisonbambusa.com\/en\/wp-json\/wp\/v2\/types\/product"}],"wp:featuredmedia":[{"embeddable":true,"href":"https:\/\/maisonbambusa.com\/en\/wp-json\/wp\/v2\/media\/13088"}],"wp:attachment":[{"href":"https:\/\/maisonbambusa.com\/en\/wp-json\/wp\/v2\/media?parent=13315"}],"wp:term":[{"taxonomy":"product_brand","embeddable":true,"href":"https:\/\/maisonbambusa.com\/en\/wp-json\/wp\/v2\/product_brand?post=13315"},{"taxonomy":"product_cat","embeddable":true,"href":"https:\/\/maisonbambusa.com\/en\/wp-json\/wp\/v2\/product_cat?post=13315"},{"taxonomy":"product_tag","embeddable":true,"href":"https:\/\/maisonbambusa.com\/en\/wp-json\/wp\/v2\/product_tag?post=13315"}],"curies":[{"name":"wp","href":"https:\/\/api.w.org\/{rel}","templated":true}]}}