{"id":13210,"date":"2020-04-29T19:28:49","date_gmt":"2020-04-29T23:28:49","guid":{"rendered":"https:\/\/maisonbambusa.com\/a-propos\/"},"modified":"2024-10-23T17:48:37","modified_gmt":"2024-10-23T21:48:37","slug":"about-home-of-bambusa","status":"publish","type":"page","link":"https:\/\/maisonbambusa.com\/en\/about-home-of-bambusa\/","title":{"rendered":"About Home of Bambusa"},"content":{"rendered":"","protected":false},"excerpt":{"rendered":"","protected":false},"author":1,"featured_media":12565,"parent":0,"menu_order":0,"comment_status":"closed","ping_status":"closed","template":"template-page.php","meta":{"_acf_changed":false,"_cloudinary_featured_overwrite":false,"footnotes":""},"class_list":["post-13210","page","type-page","status-publish","has-post-thumbnail","hentry"],"acf":[],"yoast_head":"<!-- This site is optimized with the Yoast SEO plugin v27.4 - https:\/\/yoast.com\/product\/yoast-seo-wordpress\/ -->\n<title>Maison Bambusa - \u00e0 propos de la pollution<\/title>\n<meta name=\"description\" content=\"Nous sommes tous conscients que la pollution est un grave probl\u00e8me de nos jours et il est temps de passer \u00e0 l\u2019action pour un futur plus sain.\" \/>\n<meta name=\"robots\" content=\"index, follow, max-snippet:-1, max-image-preview:large, max-video-preview:-1\" \/>\n<link rel=\"canonical\" href=\"https:\/\/maisonbambusa.com\/en\/about-home-of-bambusa\/\" \/>\n<meta property=\"og:locale\" content=\"en_US\" \/>\n<meta property=\"og:type\" content=\"article\" \/>\n<meta property=\"og:title\" content=\"Maison Bambusa - About Home of Bambusa\" \/>\n<meta property=\"og:description\" content=\"Maison Bambusa a eu l&#039;id\u00e9e de cr\u00e9er une boutique en ligne pour financer tous nos projets \u00e9cologiques et du m\u00eame coup offrir des produits \u00e9coresponsables\" \/>\n<meta property=\"og:url\" content=\"https:\/\/maisonbambusa.com\/en\/about-home-of-bambusa\/\" \/>\n<meta property=\"og:site_name\" content=\"Maison Bambusa\" \/>\n<meta property=\"article:publisher\" content=\"https:\/\/www.facebook.com\/maisonbambusa\" \/>\n<meta property=\"article:modified_time\" content=\"2024-10-23T21:48:37+00:00\" \/>\n<meta property=\"og:image\" content=\"https:\/\/maisonbambusa.com\/wp-content\/uploads\/2021\/10\/zen-2040340_1920.jpg\" \/>\n\t<meta property=\"og:image:width\" content=\"1920\" \/>\n\t<meta property=\"og:image:height\" content=\"868\" \/>\n\t<meta property=\"og:image:type\" content=\"image\/jpeg\" \/>\n<meta name=\"twitter:card\" content=\"summary_large_image\" \/>\n<meta name=\"twitter:title\" content=\"About Home of Bambusa - Maison Bambusa\" \/>\n<meta name=\"twitter:description\" content=\"Maison Bambusa a eu l&#039;id\u00e9e de cr\u00e9er une boutique en ligne pour financer tous nos projets \u00e9cologiques et du m\u00eame coup offrir des produits \u00e9coresponsables\" \/>\n<meta name=\"twitter:site\" content=\"@instagram\" \/>\n<meta name=\"twitter:label1\" content=\"Est. reading time\" \/>\n\t<meta name=\"twitter:data1\" content=\"1 minute\" \/>\n<script type=\"application\/ld+json\" class=\"yoast-schema-graph\">{\"@context\":\"https:\\\/\\\/schema.org\",\"@graph\":[{\"@type\":\"WebPage\",\"@id\":\"https:\\\/\\\/maisonbambusa.com\\\/en\\\/about-home-of-bambusa\\\/\",\"url\":\"https:\\\/\\\/maisonbambusa.com\\\/en\\\/about-home-of-bambusa\\\/\",\"name\":\"Maison Bambusa - \u00e0 propos de la pollution\",\"isPartOf\":{\"@id\":\"https:\\\/\\\/maisonbambusa.com\\\/en\\\/#website\"},\"primaryImageOfPage\":{\"@id\":\"https:\\\/\\\/maisonbambusa.com\\\/en\\\/about-home-of-bambusa\\\/#primaryimage\"},\"image\":{\"@id\":\"https:\\\/\\\/maisonbambusa.com\\\/en\\\/about-home-of-bambusa\\\/#primaryimage\"},\"thumbnailUrl\":\"https:\\\/\\\/maisonbambusa.com\\\/wp-content\\\/uploads\\\/2021\\\/10\\\/mb_header_2-scaled.jpg\",\"datePublished\":\"2020-04-29T23:28:49+00:00\",\"dateModified\":\"2024-10-23T21:48:37+00:00\",\"description\":\"Nous sommes tous conscients que la pollution est un grave probl\u00e8me de nos jours et il est temps de passer \u00e0 l\u2019action pour un futur plus sain.\",\"breadcrumb\":{\"@id\":\"https:\\\/\\\/maisonbambusa.com\\\/en\\\/about-home-of-bambusa\\\/#breadcrumb\"},\"inLanguage\":\"en-US\",\"potentialAction\":[{\"@type\":\"ReadAction\",\"target\":[\"https:\\\/\\\/maisonbambusa.com\\\/en\\\/about-home-of-bambusa\\\/\"]}]},{\"@type\":\"ImageObject\",\"inLanguage\":\"en-US\",\"@id\":\"https:\\\/\\\/maisonbambusa.com\\\/en\\\/about-home-of-bambusa\\\/#primaryimage\",\"url\":\"https:\\\/\\\/maisonbambusa.com\\\/wp-content\\\/uploads\\\/2021\\\/10\\\/mb_header_2-scaled.jpg\",\"contentUrl\":\"https:\\\/\\\/maisonbambusa.com\\\/wp-content\\\/uploads\\\/2021\\\/10\\\/mb_header_2-scaled.jpg\",\"width\":2560,\"height\":849},{\"@type\":\"BreadcrumbList\",\"@id\":\"https:\\\/\\\/maisonbambusa.com\\\/en\\\/about-home-of-bambusa\\\/#breadcrumb\",\"itemListElement\":[{\"@type\":\"ListItem\",\"position\":1,\"name\":\"Accueil\",\"item\":\"https:\\\/\\\/maisonbambusa.com\\\/en\\\/\"},{\"@type\":\"ListItem\",\"position\":2,\"name\":\"About Home of Bambusa\"}]},{\"@type\":\"WebSite\",\"@id\":\"https:\\\/\\\/maisonbambusa.com\\\/en\\\/#website\",\"url\":\"https:\\\/\\\/maisonbambusa.com\\\/en\\\/\",\"name\":\"Maison Bambusa\",\"description\":\"Produits en bambou \u00e9coresponsable\",\"publisher\":{\"@id\":\"https:\\\/\\\/maisonbambusa.com\\\/en\\\/#organization\"},\"potentialAction\":[{\"@type\":\"SearchAction\",\"target\":{\"@type\":\"EntryPoint\",\"urlTemplate\":\"https:\\\/\\\/maisonbambusa.com\\\/en\\\/?s={search_term_string}\"},\"query-input\":{\"@type\":\"PropertyValueSpecification\",\"valueRequired\":true,\"valueName\":\"search_term_string\"}}],\"inLanguage\":\"en-US\"},{\"@type\":\"Organization\",\"@id\":\"https:\\\/\\\/maisonbambusa.com\\\/en\\\/#organization\",\"name\":\"Maison Bambusa\",\"url\":\"https:\\\/\\\/maisonbambusa.com\\\/en\\\/\",\"logo\":{\"@type\":\"ImageObject\",\"inLanguage\":\"en-US\",\"@id\":\"https:\\\/\\\/maisonbambusa.com\\\/en\\\/#\\\/schema\\\/logo\\\/image\\\/\",\"url\":\"https:\\\/\\\/res.cloudinary.com\\\/johnpolikin\\\/images\\\/v1759527103\\\/casa_bambusa_store\\\/deleted_bg-1\\\/deleted_bg-1.svg?_i=AA\",\"contentUrl\":\"https:\\\/\\\/res.cloudinary.com\\\/johnpolikin\\\/images\\\/v1759527103\\\/casa_bambusa_store\\\/deleted_bg-1\\\/deleted_bg-1.svg?_i=AA\",\"width\":300,\"height\":300,\"caption\":\"Maison Bambusa\"},\"image\":{\"@id\":\"https:\\\/\\\/maisonbambusa.com\\\/en\\\/#\\\/schema\\\/logo\\\/image\\\/\"},\"sameAs\":[\"https:\\\/\\\/www.facebook.com\\\/maisonbambusa\",\"https:\\\/\\\/x.com\\\/instagram\"]}]}<\/script>\n<!-- \/ Yoast SEO plugin. -->","yoast_head_json":{"title":"Maison Bambusa - \u00e0 propos de la pollution","description":"Nous sommes tous conscients que la pollution est un grave probl\u00e8me de nos jours et il est temps de passer \u00e0 l\u2019action pour un futur plus sain.","robots":{"index":"index","follow":"follow","max-snippet":"max-snippet:-1","max-image-preview":"max-image-preview:large","max-video-preview":"max-video-preview:-1"},"canonical":"https:\/\/maisonbambusa.com\/en\/about-home-of-bambusa\/","og_locale":"en_US","og_type":"article","og_title":"Maison Bambusa - About Home of Bambusa","og_description":"Maison Bambusa a eu l'id\u00e9e de cr\u00e9er une boutique en ligne pour financer tous nos projets \u00e9cologiques et du m\u00eame coup offrir des produits \u00e9coresponsables","og_url":"https:\/\/maisonbambusa.com\/en\/about-home-of-bambusa\/","og_site_name":"Maison Bambusa","article_publisher":"https:\/\/www.facebook.com\/maisonbambusa","article_modified_time":"2024-10-23T21:48:37+00:00","og_image":[{"width":1920,"height":868,"url":"https:\/\/maisonbambusa.com\/wp-content\/uploads\/2021\/10\/zen-2040340_1920.jpg","type":"image\/jpeg"}],"twitter_card":"summary_large_image","twitter_title":"About Home of Bambusa - Maison Bambusa","twitter_description":"Maison Bambusa a eu l'id\u00e9e de cr\u00e9er une boutique en ligne pour financer tous nos projets \u00e9cologiques et du m\u00eame coup offrir des produits \u00e9coresponsables","twitter_site":"@instagram","twitter_misc":{"Est. reading time":"1 minute"},"schema":{"@context":"https:\/\/schema.org","@graph":[{"@type":"WebPage","@id":"https:\/\/maisonbambusa.com\/en\/about-home-of-bambusa\/","url":"https:\/\/maisonbambusa.com\/en\/about-home-of-bambusa\/","name":"Maison Bambusa - \u00e0 propos de la pollution","isPartOf":{"@id":"https:\/\/maisonbambusa.com\/en\/#website"},"primaryImageOfPage":{"@id":"https:\/\/maisonbambusa.com\/en\/about-home-of-bambusa\/#primaryimage"},"image":{"@id":"https:\/\/maisonbambusa.com\/en\/about-home-of-bambusa\/#primaryimage"},"thumbnailUrl":"https:\/\/maisonbambusa.com\/wp-content\/uploads\/2021\/10\/mb_header_2-scaled.jpg","datePublished":"2020-04-29T23:28:49+00:00","dateModified":"2024-10-23T21:48:37+00:00","description":"Nous sommes tous conscients que la pollution est un grave probl\u00e8me de nos jours et il est temps de passer \u00e0 l\u2019action pour un futur plus sain.","breadcrumb":{"@id":"https:\/\/maisonbambusa.com\/en\/about-home-of-bambusa\/#breadcrumb"},"inLanguage":"en-US","potentialAction":[{"@type":"ReadAction","target":["https:\/\/maisonbambusa.com\/en\/about-home-of-bambusa\/"]}]},{"@type":"ImageObject","inLanguage":"en-US","@id":"https:\/\/maisonbambusa.com\/en\/about-home-of-bambusa\/#primaryimage","url":"https:\/\/maisonbambusa.com\/wp-content\/uploads\/2021\/10\/mb_header_2-scaled.jpg","contentUrl":"https:\/\/maisonbambusa.com\/wp-content\/uploads\/2021\/10\/mb_header_2-scaled.jpg","width":2560,"height":849},{"@type":"BreadcrumbList","@id":"https:\/\/maisonbambusa.com\/en\/about-home-of-bambusa\/#breadcrumb","itemListElement":[{"@type":"ListItem","position":1,"name":"Accueil","item":"https:\/\/maisonbambusa.com\/en\/"},{"@type":"ListItem","position":2,"name":"About Home of Bambusa"}]},{"@type":"WebSite","@id":"https:\/\/maisonbambusa.com\/en\/#website","url":"https:\/\/maisonbambusa.com\/en\/","name":"Maison Bambusa","description":"Produits en bambou \u00e9coresponsable","publisher":{"@id":"https:\/\/maisonbambusa.com\/en\/#organization"},"potentialAction":[{"@type":"SearchAction","target":{"@type":"EntryPoint","urlTemplate":"https:\/\/maisonbambusa.com\/en\/?s={search_term_string}"},"query-input":{"@type":"PropertyValueSpecification","valueRequired":true,"valueName":"search_term_string"}}],"inLanguage":"en-US"},{"@type":"Organization","@id":"https:\/\/maisonbambusa.com\/en\/#organization","name":"Maison Bambusa","url":"https:\/\/maisonbambusa.com\/en\/","logo":{"@type":"ImageObject","inLanguage":"en-US","@id":"https:\/\/maisonbambusa.com\/en\/#\/schema\/logo\/image\/","url":"https:\/\/res.cloudinary.com\/johnpolikin\/images\/v1759527103\/casa_bambusa_store\/deleted_bg-1\/deleted_bg-1.svg?_i=AA","contentUrl":"https:\/\/res.cloudinary.com\/johnpolikin\/images\/v1759527103\/casa_bambusa_store\/deleted_bg-1\/deleted_bg-1.svg?_i=AA","width":300,"height":300,"caption":"Maison Bambusa"},"image":{"@id":"https:\/\/maisonbambusa.com\/en\/#\/schema\/logo\/image\/"},"sameAs":["https:\/\/www.facebook.com\/maisonbambusa","https:\/\/x.com\/instagram"]}]}},"_links":{"self":[{"href":"https:\/\/maisonbambusa.com\/en\/wp-json\/wp\/v2\/pages\/13210","targetHints":{"allow":["GET"]}}],"collection":[{"href":"https:\/\/maisonbambusa.com\/en\/wp-json\/wp\/v2\/pages"}],"about":[{"href":"https:\/\/maisonbambusa.com\/en\/wp-json\/wp\/v2\/types\/page"}],"author":[{"embeddable":true,"href":"https:\/\/maisonbambusa.com\/en\/wp-json\/wp\/v2\/users\/1"}],"replies":[{"embeddable":true,"href":"https:\/\/maisonbambusa.com\/en\/wp-json\/wp\/v2\/comments?post=13210"}],"version-history":[{"count":0,"href":"https:\/\/maisonbambusa.com\/en\/wp-json\/wp\/v2\/pages\/13210\/revisions"}],"wp:featuredmedia":[{"embeddable":true,"href":"https:\/\/maisonbambusa.com\/en\/wp-json\/wp\/v2\/media\/12565"}],"wp:attachment":[{"href":"https:\/\/maisonbambusa.com\/en\/wp-json\/wp\/v2\/media?parent=13210"}],"curies":[{"name":"wp","href":"https:\/\/api.w.org\/{rel}","templated":true}]}}